{"id":1735,"date":"2023-10-30T15:25:16","date_gmt":"2023-10-30T15:25:16","guid":{"rendered":"https:\/\/aquariodev.com.br\/wr\/?page_id=1735"},"modified":"2024-05-03T13:11:55","modified_gmt":"2024-05-03T13:11:55","slug":"acontece","status":"publish","type":"page","link":"https:\/\/aquariodev.com.br\/wr\/acontece\/","title":{"rendered":"ACONTECE"},"content":{"rendered":"\t\t<div data-elementor-type=\"wp-page\" data-elementor-id=\"1735\" class=\"elementor elementor-1735\" data-elementor-post-type=\"page\">\n\t\t\t\t<div class=\"elementor-element elementor-element-7065cff e-flex e-con-boxed e-con e-parent\" data-id=\"7065cff\" data-element_type=\"container\" data-settings=\"{&quot;background_background&quot;:&quot;classic&quot;}\">\n\t\t\t\t\t<div class=\"e-con-inner\">\n\t\t<div class=\"elementor-element elementor-element-da085c2 e-con-full e-flex e-con e-child\" data-id=\"da085c2\" data-element_type=\"container\">\n\t\t\t\t<div class=\"elementor-element elementor-element-d52af0f elementor-widget elementor-widget-heading\" data-id=\"d52af0f\" data-element_type=\"widget\" data-widget_type=\"heading.default\">\n\t\t\t\t<div class=\"elementor-widget-container\">\n\t\t\t<style>\/*! elementor - v3.21.0 - 22-05-2024 *\/\n.elementor-heading-title{padding:0;margin:0;line-height:1}.elementor-widget-heading .elementor-heading-title[class*=elementor-size-]>a{color:inherit;font-size:inherit;line-height:inherit}.elementor-widget-heading .elementor-heading-title.elementor-size-small{font-size:15px}.elementor-widget-heading .elementor-heading-title.elementor-size-medium{font-size:19px}.elementor-widget-heading .elementor-heading-title.elementor-size-large{font-size:29px}.elementor-widget-heading .elementor-heading-title.elementor-size-xl{font-size:39px}.elementor-widget-heading .elementor-heading-title.elementor-size-xxl{font-size:59px}<\/style><h2 class=\"elementor-heading-title elementor-size-default\">ACONTECE<\/h2>\t\t<\/div>\n\t\t\t\t<\/div>\n\t\t\t\t<div class=\"elementor-element elementor-element-a755779 elementor-widget elementor-widget-heading\" data-id=\"a755779\" data-element_type=\"widget\" data-widget_type=\"heading.default\">\n\t\t\t\t<div class=\"elementor-widget-container\">\n\t\t\t<h2 class=\"elementor-heading-title elementor-size-default\">WR CONSTRUTORA<\/h2>\t\t<\/div>\n\t\t\t\t<\/div>\n\t\t\t\t<div class=\"elementor-element elementor-element-5a79546 elementor-widget elementor-widget-heading\" data-id=\"5a79546\" data-element_type=\"widget\" data-widget_type=\"heading.default\">\n\t\t\t\t<div class=\"elementor-widget-container\">\n\t\t\t<p class=\"elementor-heading-title elementor-size-default\">Fique por dentro das novidades na Wr Construtora<\/p>\t\t<\/div>\n\t\t\t\t<\/div>\n\t\t\t\t<div class=\"elementor-element elementor-element-32782fa elementor-align-left elementor-widget__width-initial elementor-hidden-mobile elementor-invisible elementor-widget elementor-widget-button\" data-id=\"32782fa\" data-element_type=\"widget\" data-settings=\"{&quot;_animation&quot;:&quot;pulse&quot;,&quot;_animation_delay&quot;:120}\" data-widget_type=\"button.default\">\n\t\t\t\t<div class=\"elementor-widget-container\">\n\t\t\t\t\t<div class=\"elementor-button-wrapper\">\n\t\t\t<a class=\"elementor-button elementor-button-link elementor-size-xs\" href=\"#rolo-numeros\">\n\t\t\t\t\t\t<span class=\"elementor-button-content-wrapper\">\n\t\t\t\t\t\t\t\t\t<span class=\"elementor-button-text\">Ler not\u00edcias<\/span>\n\t\t\t\t\t<\/span>\n\t\t\t\t\t<\/a>\n\t\t<\/div>\n\t\t\t\t<\/div>\n\t\t\t\t<\/div>\n\t\t\t\t<\/div>\n\t\t<div class=\"elementor-element elementor-element-8beecff e-con-full e-flex e-con e-child\" data-id=\"8beecff\" data-element_type=\"container\">\n\t\t\t\t<div class=\"elementor-element elementor-element-aa1094c h2-titulos elementor-widget elementor-widget-heading\" data-id=\"aa1094c\" data-element_type=\"widget\" data-widget_type=\"heading.default\">\n\t\t\t\t<div class=\"elementor-widget-container\">\n\t\t\t<h2 class=\"elementor-heading-title elementor-size-default\">DESTAQUE<\/h2>\t\t<\/div>\n\t\t\t\t<\/div>\n\t\t\t\t<div class=\"elementor-element elementor-element-6d55acf elementor-grid-1 elementor-posts--align-left elementor-grid-tablet-2 elementor-grid-mobile-1 elementor-posts--thumbnail-top elementor-widget elementor-widget-posts\" data-id=\"6d55acf\" data-element_type=\"widget\" id=\"destaque-news-but\" data-settings=\"{&quot;classic_columns&quot;:&quot;1&quot;,&quot;classic_columns_tablet&quot;:&quot;2&quot;,&quot;classic_columns_mobile&quot;:&quot;1&quot;,&quot;classic_row_gap&quot;:{&quot;unit&quot;:&quot;px&quot;,&quot;size&quot;:35,&quot;sizes&quot;:[]},&quot;classic_row_gap_tablet&quot;:{&quot;unit&quot;:&quot;px&quot;,&quot;size&quot;:&quot;&quot;,&quot;sizes&quot;:[]},&quot;classic_row_gap_mobile&quot;:{&quot;unit&quot;:&quot;px&quot;,&quot;size&quot;:&quot;&quot;,&quot;sizes&quot;:[]}}\" data-widget_type=\"posts.classic\">\n\t\t\t\t<div class=\"elementor-widget-container\">\n\t\t\t<link rel=\"stylesheet\" href=\"https:\/\/aquariodev.com.br\/wr\/wp-content\/plugins\/elementor-pro\/assets\/css\/widget-posts.min.css\">\t\t<div class=\"elementor-posts-container elementor-posts elementor-posts--skin-classic elementor-grid\">\n\t\t\t\t<article class=\"elementor-post elementor-grid-item post-1402 post type-post status-publish format-standard has-post-thumbnail hentry category-vagas tag-administracao\">\n\t\t\t\t<a class=\"elementor-post__thumbnail__link\" href=\"https:\/\/aquariodev.com.br\/wr\/vaga-de-emprego-2\/\" tabindex=\"-1\" >\n\t\t\t<div class=\"elementor-post__thumbnail\"><img fetchpriority=\"high\" decoding=\"async\" width=\"526\" height=\"526\" src=\"https:\/\/aquariodev.com.br\/wr\/wp-content\/uploads\/2023\/10\/101038853_3114976638560568_3425384423133020160_n.jpg\" class=\"attachment-full size-full wp-image-1355\" alt=\"\" srcset=\"https:\/\/aquariodev.com.br\/wr\/wp-content\/uploads\/2023\/10\/101038853_3114976638560568_3425384423133020160_n.jpg 526w, https:\/\/aquariodev.com.br\/wr\/wp-content\/uploads\/2023\/10\/101038853_3114976638560568_3425384423133020160_n-300x300.jpg 300w, https:\/\/aquariodev.com.br\/wr\/wp-content\/uploads\/2023\/10\/101038853_3114976638560568_3425384423133020160_n-150x150.jpg 150w\" sizes=\"(max-width: 526px) 100vw, 526px\" \/><\/div>\n\t\t<\/a>\n\t\t\t\t<div class=\"elementor-post__text\">\n\t\t\t\t<h3 class=\"elementor-post__title\">\n\t\t\t<a href=\"https:\/\/aquariodev.com.br\/wr\/vaga-de-emprego-2\/\" >\n\t\t\t\tVAGA DE EMPREGO 2\t\t\t<\/a>\n\t\t<\/h3>\n\t\t\t\t<div class=\"elementor-post__meta-data\">\n\t\t\t\t\t<span class=\"elementor-post-date\">\n\t\t\tOutubro 28, 2023\t\t<\/span>\n\t\t\t\t<\/div>\n\t\t\n\t\t<a class=\"elementor-post__read-more\" href=\"https:\/\/aquariodev.com.br\/wr\/vaga-de-emprego-2\/\" aria-label=\"Read more about VAGA DE EMPREGO 2\" tabindex=\"-1\" >\n\t\t\tLeia Mais\t\t<\/a>\n\n\t\t\t\t<\/div>\n\t\t\t\t<\/article>\n\t\t\t\t<\/div>\n\t\t\n\t\t\t\t<\/div>\n\t\t\t\t<\/div>\n\t\t\t\t<\/div>\n\t\t\t\t\t<\/div>\n\t\t\t\t<\/div>\n\t\t<div class=\"elementor-element elementor-element-54c31f3 e-con-full e-flex e-con e-parent\" data-id=\"54c31f3\" data-element_type=\"container\" data-settings=\"{&quot;background_background&quot;:&quot;classic&quot;,&quot;shape_divider_top_negative&quot;:&quot;yes&quot;,&quot;shape_divider_top&quot;:&quot;book&quot;}\">\n\t\t\t\t<div class=\"elementor-shape elementor-shape-top\" data-negative=\"true\">\n\t\t\t<svg xmlns=\"http:\/\/www.w3.org\/2000\/svg\" viewBox=\"0 0 1000 100\" preserveAspectRatio=\"none\">\n\t<path class=\"elementor-shape-fill\" d=\"M806,94.7C619.5,90,500,20.3,500,1.7c-1,18.6-117.5,88.3-306,93C92,97.2,0,97.9,0,97.9v-0l0,0v2.3h1000v-2.3 C1000,97.7,920.3,97.6,806,94.7z M350,65.1L350,65.1L350,65.1L350,65.1z\"\/>\n<\/svg>\n\t\t<\/div>\n\t\t<section class=\"elementor-element elementor-element-f422b98 e-con-full e-flex e-con e-child\" data-id=\"f422b98\" data-element_type=\"container\" data-settings=\"{&quot;motion_fx_motion_fx_scrolling&quot;:&quot;yes&quot;,&quot;motion_fx_translateY_effect&quot;:&quot;yes&quot;,&quot;motion_fx_translateY_speed&quot;:{&quot;unit&quot;:&quot;px&quot;,&quot;size&quot;:3.2999999999999998,&quot;sizes&quot;:[]},&quot;motion_fx_translateY_affectedRange&quot;:{&quot;unit&quot;:&quot;%&quot;,&quot;size&quot;:&quot;&quot;,&quot;sizes&quot;:{&quot;start&quot;:0,&quot;end&quot;:47}},&quot;motion_fx_devices&quot;:[&quot;desktop&quot;,&quot;tablet&quot;,&quot;mobile&quot;]}\">\n\t\t\t\t<div class=\"elementor-element elementor-element-a8ab001 elementor-widget elementor-widget-spacer\" data-id=\"a8ab001\" data-element_type=\"widget\" id=\"rolo-numeros\" data-widget_type=\"spacer.default\">\n\t\t\t\t<div class=\"elementor-widget-container\">\n\t\t\t<style>\/*! elementor - v3.21.0 - 22-05-2024 *\/\n.elementor-column .elementor-spacer-inner{height:var(--spacer-size)}.e-con{--container-widget-width:100%}.e-con-inner>.elementor-widget-spacer,.e-con>.elementor-widget-spacer{width:var(--container-widget-width,var(--spacer-size));--align-self:var(--container-widget-align-self,initial);--flex-shrink:0}.e-con-inner>.elementor-widget-spacer>.elementor-widget-container,.e-con>.elementor-widget-spacer>.elementor-widget-container{height:100%;width:100%}.e-con-inner>.elementor-widget-spacer>.elementor-widget-container>.elementor-spacer,.e-con>.elementor-widget-spacer>.elementor-widget-container>.elementor-spacer{height:100%}.e-con-inner>.elementor-widget-spacer>.elementor-widget-container>.elementor-spacer>.elementor-spacer-inner,.e-con>.elementor-widget-spacer>.elementor-widget-container>.elementor-spacer>.elementor-spacer-inner{height:var(--container-widget-height,var(--spacer-size))}.e-con-inner>.elementor-widget-spacer.elementor-widget-empty,.e-con>.elementor-widget-spacer.elementor-widget-empty{position:relative;min-height:22px;min-width:22px}.e-con-inner>.elementor-widget-spacer.elementor-widget-empty .elementor-widget-empty-icon,.e-con>.elementor-widget-spacer.elementor-widget-empty .elementor-widget-empty-icon{position:absolute;top:0;bottom:0;left:0;right:0;margin:auto;padding:0;width:22px;height:22px}<\/style>\t\t<div class=\"elementor-spacer\">\n\t\t\t<div class=\"elementor-spacer-inner\"><\/div>\n\t\t<\/div>\n\t\t\t\t<\/div>\n\t\t\t\t<\/div>\n\t\t\t\t<div class=\"elementor-element elementor-element-e36a8d7 h2-titulos elementor-widget elementor-widget-heading\" data-id=\"e36a8d7\" data-element_type=\"widget\" data-widget_type=\"heading.default\">\n\t\t\t\t<div class=\"elementor-widget-container\">\n\t\t\t<h2 class=\"elementor-heading-title elementor-size-default\">ACONTECE <strong> (NEWS)<\/strong><\/h2>\t\t<\/div>\n\t\t\t\t<\/div>\n\t\t\t\t<\/section>\n\t\t\t\t<\/div>\n\t\t<div class=\"elementor-element elementor-element-1ee6b8a e-flex e-con-boxed e-con e-parent\" data-id=\"1ee6b8a\" data-element_type=\"container\">\n\t\t\t\t\t<div class=\"e-con-inner\">\n\t\t<div class=\"elementor-element elementor-element-3337139 e-con-full e-flex e-con e-child\" data-id=\"3337139\" data-element_type=\"container\">\n\t\t\t\t<div class=\"elementor-element elementor-element-964662e elementor-grid-3 elementor-grid-tablet-2 elementor-grid-mobile-1 elementor-posts--thumbnail-top load-more-align-center elementor-widget elementor-widget-posts\" data-id=\"964662e\" data-element_type=\"widget\" id=\"acontece-news\" data-settings=\"{&quot;pagination_type&quot;:&quot;load_more_on_click&quot;,&quot;classic_columns&quot;:&quot;3&quot;,&quot;classic_columns_tablet&quot;:&quot;2&quot;,&quot;classic_columns_mobile&quot;:&quot;1&quot;,&quot;classic_row_gap&quot;:{&quot;unit&quot;:&quot;px&quot;,&quot;size&quot;:35,&quot;sizes&quot;:[]},&quot;classic_row_gap_tablet&quot;:{&quot;unit&quot;:&quot;px&quot;,&quot;size&quot;:&quot;&quot;,&quot;sizes&quot;:[]},&quot;classic_row_gap_mobile&quot;:{&quot;unit&quot;:&quot;px&quot;,&quot;size&quot;:&quot;&quot;,&quot;sizes&quot;:[]},&quot;load_more_spinner&quot;:{&quot;value&quot;:&quot;fas fa-spinner&quot;,&quot;library&quot;:&quot;fa-solid&quot;}}\" data-widget_type=\"posts.classic\">\n\t\t\t\t<div class=\"elementor-widget-container\">\n\t\t\t\t\t<div class=\"elementor-posts-container elementor-posts elementor-posts--skin-classic elementor-grid\">\n\t\t\t\t<article class=\"elementor-post elementor-grid-item post-2380 post type-post status-publish format-standard has-post-thumbnail hentry category-premiacoes\">\n\t\t\t\t<a class=\"elementor-post__thumbnail__link\" href=\"https:\/\/aquariodev.com.br\/wr\/diretor-da-wr-construtora-e-giganet-e-agraciado-com-medalha-distincao-da-pcmg\/\" tabindex=\"-1\" >\n\t\t\t<div class=\"elementor-post__thumbnail\"><img decoding=\"async\" width=\"300\" height=\"154\" src=\"https:\/\/aquariodev.com.br\/wr\/wp-content\/uploads\/2023\/11\/image-27-300x154.png\" class=\"attachment-medium size-medium wp-image-2381\" alt=\"\" srcset=\"https:\/\/aquariodev.com.br\/wr\/wp-content\/uploads\/2023\/11\/image-27-300x154.png 300w, https:\/\/aquariodev.com.br\/wr\/wp-content\/uploads\/2023\/11\/image-27-1024x526.png 1024w, https:\/\/aquariodev.com.br\/wr\/wp-content\/uploads\/2023\/11\/image-27-768x394.png 768w, https:\/\/aquariodev.com.br\/wr\/wp-content\/uploads\/2023\/11\/image-27.png 1360w\" sizes=\"(max-width: 300px) 100vw, 300px\" \/><\/div>\n\t\t<\/a>\n\t\t\t\t<div class=\"elementor-post__text\">\n\t\t\t\t<h3 class=\"elementor-post__title\">\n\t\t\t<a href=\"https:\/\/aquariodev.com.br\/wr\/diretor-da-wr-construtora-e-giganet-e-agraciado-com-medalha-distincao-da-pcmg\/\" >\n\t\t\t\tDIRETOR DA WR CONSTRUTORA E GIGANET \u00c9 AGRACIADO COM MEDALHA DISTIN\u00c7\u00c3O DA PCMG\t\t\t<\/a>\n\t\t<\/h3>\n\t\t\t\t<div class=\"elementor-post__meta-data\">\n\t\t\t\t\t<span class=\"elementor-post-date\">\n\t\t\tNovembro 29, 2023\t\t<\/span>\n\t\t\t\t<\/div>\n\t\t\t\t<div class=\"elementor-post__excerpt\">\n\t\t\t<p>O diretor da WR Construtora, Wallace Barreto, recebeu na manh\u00e3 desta quarta-feira (14\/11\/18), a Medalha Distin\u00e7\u00e3o da Pol\u00edcia Civil de Minas Gerais, em cerim\u00f4nia realizada no Teatro Z\u00e9lia Olguin, em Ipatinga. Pela primeira vez exercida na regi\u00e3o, a solenidade homenageou autoridades da Pol\u00edcia Civil, Pol\u00edcia Militar, pessoas da sociedade civil<\/p>\n\t\t<\/div>\n\t\t\t\t\t<div class=\"elementor-post__read-more-wrapper\">\n\t\t\n\t\t<a class=\"elementor-post__read-more\" href=\"https:\/\/aquariodev.com.br\/wr\/diretor-da-wr-construtora-e-giganet-e-agraciado-com-medalha-distincao-da-pcmg\/\" aria-label=\"Read more about DIRETOR DA WR CONSTRUTORA E GIGANET \u00c9 AGRACIADO COM MEDALHA DISTIN\u00c7\u00c3O DA PCMG\" tabindex=\"-1\" >\n\t\t\tSAIBA MAIS\t\t<\/a>\n\n\t\t\t\t\t<\/div>\n\t\t\t\t<\/div>\n\t\t\t\t<\/article>\n\t\t\t\t<article class=\"elementor-post elementor-grid-item post-2377 post type-post status-publish format-standard has-post-thumbnail hentry category-premiacoes\">\n\t\t\t\t<a class=\"elementor-post__thumbnail__link\" href=\"https:\/\/aquariodev.com.br\/wr\/wr-e-homenageada-com-premio-merito-metropolitano-2018\/\" tabindex=\"-1\" >\n\t\t\t<div class=\"elementor-post__thumbnail\"><img decoding=\"async\" width=\"300\" height=\"154\" src=\"https:\/\/aquariodev.com.br\/wr\/wp-content\/uploads\/2023\/11\/image-26-300x154.png\" class=\"attachment-medium size-medium wp-image-2378\" alt=\"\" srcset=\"https:\/\/aquariodev.com.br\/wr\/wp-content\/uploads\/2023\/11\/image-26-300x154.png 300w, https:\/\/aquariodev.com.br\/wr\/wp-content\/uploads\/2023\/11\/image-26-1024x526.png 1024w, https:\/\/aquariodev.com.br\/wr\/wp-content\/uploads\/2023\/11\/image-26-768x394.png 768w, https:\/\/aquariodev.com.br\/wr\/wp-content\/uploads\/2023\/11\/image-26.png 1360w\" sizes=\"(max-width: 300px) 100vw, 300px\" \/><\/div>\n\t\t<\/a>\n\t\t\t\t<div class=\"elementor-post__text\">\n\t\t\t\t<h3 class=\"elementor-post__title\">\n\t\t\t<a href=\"https:\/\/aquariodev.com.br\/wr\/wr-e-homenageada-com-premio-merito-metropolitano-2018\/\" >\n\t\t\t\tWR \u00c9 HOMENAGEADA COM PR\u00caMIO M\u00c9RITO METROPOLITANO 2018\t\t\t<\/a>\n\t\t<\/h3>\n\t\t\t\t<div class=\"elementor-post__meta-data\">\n\t\t\t\t\t<span class=\"elementor-post-date\">\n\t\t\tNovembro 29, 2023\t\t<\/span>\n\t\t\t\t<\/div>\n\t\t\t\t<div class=\"elementor-post__excerpt\">\n\t\t\t<p>Com o intuito de homenagear as empresas que fomentam a economia das 26 cidades do Colar Metropolitano do Vale do A\u00e7o, o Grupo Mais Vip realizou, neste s\u00e1bado,15, o Baile Metropolitano, sendo a WR Construtora uma das empresas agraciadas com o reconhecimento por contribuir para o crescimento da regi\u00e3o. Desde<\/p>\n\t\t<\/div>\n\t\t\t\t\t<div class=\"elementor-post__read-more-wrapper\">\n\t\t\n\t\t<a class=\"elementor-post__read-more\" href=\"https:\/\/aquariodev.com.br\/wr\/wr-e-homenageada-com-premio-merito-metropolitano-2018\/\" aria-label=\"Read more about WR \u00c9 HOMENAGEADA COM PR\u00caMIO M\u00c9RITO METROPOLITANO 2018\" tabindex=\"-1\" >\n\t\t\tSAIBA MAIS\t\t<\/a>\n\n\t\t\t\t\t<\/div>\n\t\t\t\t<\/div>\n\t\t\t\t<\/article>\n\t\t\t\t<article class=\"elementor-post elementor-grid-item post-2374 post type-post status-publish format-standard has-post-thumbnail hentry category-premiacoes\">\n\t\t\t\t<a class=\"elementor-post__thumbnail__link\" href=\"https:\/\/aquariodev.com.br\/wr\/wallace-barreto-eleito-empresario-do-ano\/\" tabindex=\"-1\" >\n\t\t\t<div class=\"elementor-post__thumbnail\"><img loading=\"lazy\" decoding=\"async\" width=\"300\" height=\"200\" src=\"https:\/\/aquariodev.com.br\/wr\/wp-content\/uploads\/2023\/11\/image-25-300x200.png\" class=\"attachment-medium size-medium wp-image-2375\" alt=\"\" srcset=\"https:\/\/aquariodev.com.br\/wr\/wp-content\/uploads\/2023\/11\/image-25-300x200.png 300w, https:\/\/aquariodev.com.br\/wr\/wp-content\/uploads\/2023\/11\/image-25-1024x683.png 1024w, https:\/\/aquariodev.com.br\/wr\/wp-content\/uploads\/2023\/11\/image-25-768x512.png 768w, https:\/\/aquariodev.com.br\/wr\/wp-content\/uploads\/2023\/11\/image-25.png 1536w\" sizes=\"(max-width: 300px) 100vw, 300px\" \/><\/div>\n\t\t<\/a>\n\t\t\t\t<div class=\"elementor-post__text\">\n\t\t\t\t<h3 class=\"elementor-post__title\">\n\t\t\t<a href=\"https:\/\/aquariodev.com.br\/wr\/wallace-barreto-eleito-empresario-do-ano\/\" >\n\t\t\t\tWALLACE BARRETO ELEITO EMPRES\u00c1RIO DO ANO\t\t\t<\/a>\n\t\t<\/h3>\n\t\t\t\t<div class=\"elementor-post__meta-data\">\n\t\t\t\t\t<span class=\"elementor-post-date\">\n\t\t\tNovembro 29, 2023\t\t<\/span>\n\t\t\t\t<\/div>\n\t\t\t\t<div class=\"elementor-post__excerpt\">\n\t\t\t<p>O nosso diretor Wallace Barreto foi eleito empres\u00e1rio do ano de 2017, pela Aciapi\/CDL. Ele possui mais de 20 anos de experi\u00eancia na \u00e1rea comercial. Wallace vem expandindo sua atua\u00e7\u00e3o no universo dos neg\u00f3cios e, al\u00e9m da WR Construtora e da j\u00e1 consolidada provedora de internet \u2013 Giganet, o empres\u00e1rio<\/p>\n\t\t<\/div>\n\t\t\t\t\t<div class=\"elementor-post__read-more-wrapper\">\n\t\t\n\t\t<a class=\"elementor-post__read-more\" href=\"https:\/\/aquariodev.com.br\/wr\/wallace-barreto-eleito-empresario-do-ano\/\" aria-label=\"Read more about WALLACE BARRETO ELEITO EMPRES\u00c1RIO DO ANO\" tabindex=\"-1\" >\n\t\t\tSAIBA MAIS\t\t<\/a>\n\n\t\t\t\t\t<\/div>\n\t\t\t\t<\/div>\n\t\t\t\t<\/article>\n\t\t\t\t<\/div>\n\t\t\t\t\t<span class=\"e-load-more-spinner\">\n\t\t\t\t<svg aria-hidden=\"true\" class=\"e-font-icon-svg e-fas-spinner\" viewBox=\"0 0 512 512\" xmlns=\"http:\/\/www.w3.org\/2000\/svg\"><path d=\"M304 48c0 26.51-21.49 48-48 48s-48-21.49-48-48 21.49-48 48-48 48 21.49 48 48zm-48 368c-26.51 0-48 21.49-48 48s21.49 48 48 48 48-21.49 48-48-21.49-48-48-48zm208-208c-26.51 0-48 21.49-48 48s21.49 48 48 48 48-21.49 48-48-21.49-48-48-48zM96 256c0-26.51-21.49-48-48-48S0 229.49 0 256s21.49 48 48 48 48-21.49 48-48zm12.922 99.078c-26.51 0-48 21.49-48 48s21.49 48 48 48 48-21.49 48-48c0-26.509-21.491-48-48-48zm294.156 0c-26.51 0-48 21.49-48 48s21.49 48 48 48 48-21.49 48-48c0-26.509-21.49-48-48-48zM108.922 60.922c-26.51 0-48 21.49-48 48s21.49 48 48 48 48-21.49 48-48-21.491-48-48-48z\"><\/path><\/svg>\t\t\t<\/span>\n\t\t\n\t\t\t\t<div class=\"e-load-more-anchor\" data-page=\"1\" data-max-page=\"10\" data-next-page=\"https:\/\/aquariodev.com.br\/wr\/wp-json\/wp\/v2\/pages\/1735\/page\/2\/\"><\/div>\n\t\t\t\t<div class=\"elementor-button-wrapper\">\n\t\t\t<a href=\"#\" class=\"elementor-button-link elementor-button\" role=\"button\">\n\t\t\t\t\t\t<span class=\"elementor-button-content-wrapper\">\n\t\t\t\t\t\t\t<span class=\"elementor-button-icon elementor-align-icon-left\">\n\t\t\t\t<svg aria-hidden=\"true\" class=\"e-font-icon-svg e-fas-cloud-download-alt\" viewBox=\"0 0 640 512\" xmlns=\"http:\/\/www.w3.org\/2000\/svg\"><path d=\"M537.6 226.6c4.1-10.7 6.4-22.4 6.4-34.6 0-53-43-96-96-96-19.7 0-38.1 6-53.3 16.2C367 64.2 315.3 32 256 32c-88.4 0-160 71.6-160 160 0 2.7.1 5.4.2 8.1C40.2 219.8 0 273.2 0 336c0 79.5 64.5 144 144 144h368c70.7 0 128-57.3 128-128 0-61.9-44-113.6-102.4-125.4zm-132.9 88.7L299.3 420.7c-6.2 6.2-16.4 6.2-22.6 0L171.3 315.3c-10.1-10.1-2.9-27.3 11.3-27.3H248V176c0-8.8 7.2-16 16-16h48c8.8 0 16 7.2 16 16v112h65.4c14.2 0 21.4 17.2 11.3 27.3z\"><\/path><\/svg>\t\t\t<\/span>\n\t\t\t\t\t\t<span class=\"elementor-button-text\">Carregar mais <\/span>\n\t\t<\/span>\n\t\t\t\t\t<\/a>\n\t\t<\/div>\n\t\t\t\t<div class=\"e-load-more-message\"><\/div>\n\t\t\t\t<\/div>\n\t\t\t\t<\/div>\n\t\t\t\t<\/div>\n\t\t\t\t\t<\/div>\n\t\t\t\t<\/div>\n\t\t\t\t<\/div>\n\t\t","protected":false},"excerpt":{"rendered":"<p>ACONTECE WR CONSTRUTORA Fique por dentro das novidades na Wr Construtora Ler not\u00edcias DESTAQUE ACONTECE (NEWS)<\/p>\n","protected":false},"author":1,"featured_media":0,"parent":0,"menu_order":0,"comment_status":"closed","ping_status":"closed","template":"","meta":{"_acf_changed":false,"footnotes":""},"class_list":["post-1735","page","type-page","status-publish","hentry"],"acf":[],"_links":{"self":[{"href":"https:\/\/aquariodev.com.br\/wr\/wp-json\/wp\/v2\/pages\/1735","targetHints":{"allow":["GET"]}}],"collection":[{"href":"https:\/\/aquariodev.com.br\/wr\/wp-json\/wp\/v2\/pages"}],"about":[{"href":"https:\/\/aquariodev.com.br\/wr\/wp-json\/wp\/v2\/types\/page"}],"author":[{"embeddable":true,"href":"https:\/\/aquariodev.com.br\/wr\/wp-json\/wp\/v2\/users\/1"}],"replies":[{"embeddable":true,"href":"https:\/\/aquariodev.com.br\/wr\/wp-json\/wp\/v2\/comments?post=1735"}],"version-history":[{"count":0,"href":"https:\/\/aquariodev.com.br\/wr\/wp-json\/wp\/v2\/pages\/1735\/revisions"}],"wp:attachment":[{"href":"https:\/\/aquariodev.com.br\/wr\/wp-json\/wp\/v2\/media?parent=1735"}],"curies":[{"name":"wp","href":"https:\/\/api.w.org\/{rel}","templated":true}]}}